{"id":872,"date":"2023-05-19T06:30:42","date_gmt":"2023-05-19T06:30:42","guid":{"rendered":"https:\/\/demosites.royal-elementor-addons.com\/home-care-v1\/?page_id=7"},"modified":"2025-12-20T14:55:29","modified_gmt":"2025-12-20T13:55:29","slug":"rreth-nesh","status":"publish","type":"page","link":"https:\/\/ikesh.org\/en\/rreth-nesh\/","title":{"rendered":"About us"},"content":{"rendered":"<div data-elementor-type=\"wp-page\" data-elementor-id=\"872\" class=\"elementor elementor-872\">\n\t\t\t\t\t\t<section class=\"elementor-section elementor-top-section elementor-element elementor-element-b64a53b elementor-section-height-min-height elementor-section-boxed elementor-section-height-default elementor-section-items-middle wpr-particle-no wpr-jarallax-no wpr-parallax-no wpr-sticky-section-no\" data-id=\"b64a53b\" data-element_type=\"section\" data-settings=\"{&quot;background_background&quot;:&quot;classic&quot;,&quot;shape_divider_bottom&quot;:&quot;tilt&quot;}\">\n\t\t\t\t\t\t\t<div class=\"elementor-background-overlay\"><\/div>\n\t\t\t\t\t\t<div class=\"elementor-shape elementor-shape-bottom\" aria-hidden=\"true\" data-negative=\"false\">\n\t\t\t<svg xmlns=\"http:\/\/www.w3.org\/2000\/svg\" viewbox=\"0 0 1000 100\" preserveaspectratio=\"none\">\n\t<path class=\"elementor-shape-fill\" d=\"M0,6V0h1000v100L0,6z\"\/>\n<\/svg>\t\t<\/div>\n\t\t\t\t\t<div class=\"elementor-container elementor-column-gap-default\">\n\t\t\t\t\t<div class=\"elementor-column elementor-col-100 elementor-top-column elementor-element elementor-element-1d1df3e\" data-id=\"1d1df3e\" data-element_type=\"column\">\n\t\t\t<div class=\"elementor-widget-wrap elementor-element-populated\">\n\t\t\t\t\t\t<div class=\"elementor-element elementor-element-9e00986 elementor-widget elementor-widget-heading\" data-id=\"9e00986\" data-element_type=\"widget\" data-widget_type=\"heading.default\">\n\t\t\t\t<div class=\"elementor-widget-container\">\n\t\t\t\t\t<h2 class=\"elementor-heading-title elementor-size-default\">For a more just and equal society<\/h2>\t\t\t\t<\/div>\n\t\t\t\t<\/div>\n\t\t\t\t<div class=\"elementor-element elementor-element-e2ea88c elementor-widget elementor-widget-heading\" data-id=\"e2ea88c\" data-element_type=\"widget\" data-widget_type=\"heading.default\">\n\t\t\t\t<div class=\"elementor-widget-container\">\n\t\t\t\t\t<h2 class=\"elementor-heading-title elementor-size-default\">Home - About us<\/h2>\t\t\t\t<\/div>\n\t\t\t\t<\/div>\n\t\t\t\t\t<\/div>\n\t\t<\/div>\n\t\t\t\t\t<\/div>\n\t\t<\/section>\n\t\t\t\t<section class=\"elementor-section elementor-top-section elementor-element elementor-element-91f6c18 elementor-section-boxed elementor-section-height-default elementor-section-height-default wpr-particle-no wpr-jarallax-no wpr-parallax-no wpr-sticky-section-no\" data-id=\"91f6c18\" data-element_type=\"section\">\n\t\t\t\t\t\t<div class=\"elementor-container elementor-column-gap-default\">\n\t\t\t\t\t<div class=\"elementor-column elementor-col-50 elementor-top-column elementor-element elementor-element-06eb135\" data-id=\"06eb135\" data-element_type=\"column\">\n\t\t\t<div class=\"elementor-widget-wrap elementor-element-populated\">\n\t\t\t\t\t\t<div class=\"elementor-element elementor-element-775dc7c elementor-widget elementor-widget-heading\" data-id=\"775dc7c\" data-element_type=\"widget\" data-widget_type=\"heading.default\">\n\t\t\t\t<div class=\"elementor-widget-container\">\n\t\t\t\t\t<h2 class=\"elementor-heading-title elementor-size-default\">IKESH<\/h2>\t\t\t\t<\/div>\n\t\t\t\t<\/div>\n\t\t\t\t<div class=\"elementor-element elementor-element-c5a29b6 elementor-widget elementor-widget-heading\" data-id=\"c5a29b6\" data-element_type=\"widget\" data-widget_type=\"heading.default\">\n\t\t\t\t<div class=\"elementor-widget-container\">\n\t\t\t\t\t<h2 class=\"elementor-heading-title elementor-size-default\">Institute for Social Critique and Emancipation \n<\/h2>\t\t\t\t<\/div>\n\t\t\t\t<\/div>\n\t\t\t\t<div class=\"elementor-element elementor-element-af8dac8 elementor-widget elementor-widget-text-editor\" data-id=\"af8dac8\" data-element_type=\"widget\" data-widget_type=\"text-editor.default\">\n\t\t\t\t<div class=\"elementor-widget-container\">\n\t\t\t\t\t\t\t\t\t<p>IKESH was founded by left-wing activists with the aim of creating a critical space for the analysis of social phenomena and building a more just society. Through studies, mobilization, and various projects, we have contributed to public debate and collective action for positive change<\/p>\t\t\t\t\t\t\t\t<\/div>\n\t\t\t\t<\/div>\n\t\t\t\t<div class=\"elementor-element elementor-element-73211c9 elementor-widget elementor-widget-image\" data-id=\"73211c9\" data-element_type=\"widget\" data-widget_type=\"image.default\">\n\t\t\t\t<div class=\"elementor-widget-container\">\n\t\t\t\t\t\t\t\t\t\t\t\t\t\t\t<img decoding=\"async\" width=\"300\" height=\"120\" src=\"https:\/\/ikesh.org\/wp-content\/uploads\/2025\/02\/ikesh-logo-al-300x120.png\" class=\"attachment-medium size-medium wp-image-1185\" alt=\"\" srcset=\"https:\/\/ikesh.org\/wp-content\/uploads\/2025\/02\/ikesh-logo-al-300x120.png 300w, https:\/\/ikesh.org\/wp-content\/uploads\/2025\/02\/ikesh-logo-al-768x307.png 768w, https:\/\/ikesh.org\/wp-content\/uploads\/2025\/02\/ikesh-logo-al.png 1000w\" sizes=\"(max-width: 300px) 100vw, 300px\" \/>\t\t\t\t\t\t\t\t\t\t\t\t\t\t\t<\/div>\n\t\t\t\t<\/div>\n\t\t\t\t\t<\/div>\n\t\t<\/div>\n\t\t\t\t<div class=\"elementor-column elementor-col-50 elementor-top-column elementor-element elementor-element-ecb786b elementor-hidden-tablet elementor-hidden-mobile\" data-id=\"ecb786b\" data-element_type=\"column\">\n\t\t\t<div class=\"elementor-widget-wrap elementor-element-populated\">\n\t\t\t\t\t\t<div class=\"elementor-element elementor-element-bef0d06 elementor-widget elementor-widget-image\" data-id=\"bef0d06\" data-element_type=\"widget\" data-widget_type=\"image.default\">\n\t\t\t\t<div class=\"elementor-widget-container\">\n\t\t\t\t\t\t\t\t\t\t\t\t\t\t\t<img fetchpriority=\"high\" decoding=\"async\" width=\"960\" height=\"804\" src=\"https:\/\/ikesh.org\/wp-content\/uploads\/2025\/02\/440972369_457551843333442_3533117392752574270_n-1024x858.jpg\" class=\"attachment-large size-large wp-image-1221\" alt=\"\" srcset=\"https:\/\/ikesh.org\/wp-content\/uploads\/2025\/02\/440972369_457551843333442_3533117392752574270_n-1024x858.jpg 1024w, https:\/\/ikesh.org\/wp-content\/uploads\/2025\/02\/440972369_457551843333442_3533117392752574270_n-300x251.jpg 300w, https:\/\/ikesh.org\/wp-content\/uploads\/2025\/02\/440972369_457551843333442_3533117392752574270_n-768x644.jpg 768w, https:\/\/ikesh.org\/wp-content\/uploads\/2025\/02\/440972369_457551843333442_3533117392752574270_n-1536x1287.jpg 1536w, https:\/\/ikesh.org\/wp-content\/uploads\/2025\/02\/440972369_457551843333442_3533117392752574270_n-14x12.jpg 14w, https:\/\/ikesh.org\/wp-content\/uploads\/2025\/02\/440972369_457551843333442_3533117392752574270_n.jpg 1600w\" sizes=\"(max-width: 960px) 100vw, 960px\" \/>\t\t\t\t\t\t\t\t\t\t\t\t\t\t\t<\/div>\n\t\t\t\t<\/div>\n\t\t\t\t\t<\/div>\n\t\t<\/div>\n\t\t\t\t\t<\/div>\n\t\t<\/section>\n\t\t<div class=\"elementor-element elementor-element-5d3ba5d e-flex e-con-boxed wpr-particle-no wpr-jarallax-no wpr-parallax-no wpr-sticky-section-no e-con e-parent\" data-id=\"5d3ba5d\" data-element_type=\"container\" data-settings=\"{&quot;background_background&quot;:&quot;classic&quot;}\">\n\t\t\t\t\t<div class=\"e-con-inner\">\n\t\t\t\t<div class=\"elementor-element elementor-element-fe4141c elementor-widget elementor-widget-heading\" data-id=\"fe4141c\" data-element_type=\"widget\" data-widget_type=\"heading.default\">\n\t\t\t\t<div class=\"elementor-widget-container\">\n\t\t\t\t\t<h2 class=\"elementor-heading-title elementor-size-default\">Mission and Values<\/h2>\t\t\t\t<\/div>\n\t\t\t\t<\/div>\n\t\t\t\t<div class=\"elementor-element elementor-element-78fa176 elementor-widget elementor-widget-text-editor\" data-id=\"78fa176\" data-element_type=\"widget\" data-widget_type=\"text-editor.default\">\n\t\t\t\t<div class=\"elementor-widget-container\">\n\t\t\t\t\t\t\t\t\t<p>Commitment to equality and justice<\/p><p>We work to create a more equal and more conscious society, based on these core values<\/p>\t\t\t\t\t\t\t\t<\/div>\n\t\t\t\t<\/div>\n\t\t\t\t\t<\/div>\n\t\t\t\t<\/div>\n\t\t\t\t<section class=\"elementor-section elementor-top-section elementor-element elementor-element-a246e81 elementor-section-boxed elementor-section-height-default elementor-section-height-default wpr-particle-no wpr-jarallax-no wpr-parallax-no wpr-sticky-section-no\" data-id=\"a246e81\" data-element_type=\"section\" data-settings=\"{&quot;background_background&quot;:&quot;classic&quot;}\">\n\t\t\t\t\t\t<div class=\"elementor-container elementor-column-gap-default\">\n\t\t\t\t\t<div class=\"elementor-column elementor-col-25 elementor-top-column elementor-element elementor-element-3533810\" data-id=\"3533810\" data-element_type=\"column\">\n\t\t\t<div class=\"elementor-widget-wrap elementor-element-populated\">\n\t\t\t\t\t\t<div class=\"elementor-element elementor-element-df78e9f elementor-widget elementor-widget-icon-box\" data-id=\"df78e9f\" data-element_type=\"widget\" data-widget_type=\"icon-box.default\">\n\t\t\t\t<div class=\"elementor-widget-container\">\n\t\t\t\t\t\t\t<div class=\"elementor-icon-box-wrapper\">\n\n\t\t\t\n\t\t\t\t\t\t<div class=\"elementor-icon-box-content\">\n\n\t\t\t\t\t\t\t\t\t<h3 class=\"elementor-icon-box-title\">\n\t\t\t\t\t\t<span  >\n\t\t\t\t\t\t\tCriticism and analysis\t\t\t\t\t\t<\/span>\n\t\t\t\t\t<\/h3>\n\t\t\t\t\n\t\t\t\t\t\t\t\t\t<p class=\"elementor-icon-box-description\">\n\t\t\t\t\t\t Challenge the dominant narratives to illuminate social truths\t\t\t\t\t<\/p>\n\t\t\t\t\n\t\t\t<\/div>\n\t\t\t\n\t\t<\/div>\n\t\t\t\t\t\t<\/div>\n\t\t\t\t<\/div>\n\t\t\t\t\t<\/div>\n\t\t<\/div>\n\t\t\t\t<div class=\"elementor-column elementor-col-25 elementor-top-column elementor-element elementor-element-52a54ff\" data-id=\"52a54ff\" data-element_type=\"column\">\n\t\t\t<div class=\"elementor-widget-wrap elementor-element-populated\">\n\t\t\t\t\t\t<div class=\"elementor-element elementor-element-a8dd06c elementor-widget elementor-widget-icon-box\" data-id=\"a8dd06c\" data-element_type=\"widget\" data-widget_type=\"icon-box.default\">\n\t\t\t\t<div class=\"elementor-widget-container\">\n\t\t\t\t\t\t\t<div class=\"elementor-icon-box-wrapper\">\n\n\t\t\t\n\t\t\t\t\t\t<div class=\"elementor-icon-box-content\">\n\n\t\t\t\t\t\t\t\t\t<h3 class=\"elementor-icon-box-title\">\n\t\t\t\t\t\t<span  >\n\t\t\t\t\t\t\tSocial justice\t\t\t\t\t\t<\/span>\n\t\t\t\t\t<\/h3>\n\t\t\t\t\n\t\t\t\t\t\t\t\t\t<p class=\"elementor-icon-box-description\">\n\t\t\t\t\t\tThe promotion of equality and human rights for all\t\t\t\t\t<\/p>\n\t\t\t\t\n\t\t\t<\/div>\n\t\t\t\n\t\t<\/div>\n\t\t\t\t\t\t<\/div>\n\t\t\t\t<\/div>\n\t\t\t\t\t<\/div>\n\t\t<\/div>\n\t\t\t\t<div class=\"elementor-column elementor-col-25 elementor-top-column elementor-element elementor-element-117cfc9\" data-id=\"117cfc9\" data-element_type=\"column\">\n\t\t\t<div class=\"elementor-widget-wrap elementor-element-populated\">\n\t\t\t\t\t\t<div class=\"elementor-element elementor-element-3542a73 elementor-widget elementor-widget-icon-box\" data-id=\"3542a73\" data-element_type=\"widget\" data-widget_type=\"icon-box.default\">\n\t\t\t\t<div class=\"elementor-widget-container\">\n\t\t\t\t\t\t\t<div class=\"elementor-icon-box-wrapper\">\n\n\t\t\t\n\t\t\t\t\t\t<div class=\"elementor-icon-box-content\">\n\n\t\t\t\t\t\t\t\t\t<h3 class=\"elementor-icon-box-title\">\n\t\t\t\t\t\t<span  >\n\t\t\t\t\t\t\tEngagement and mobilization\t\t\t\t\t\t<\/span>\n\t\t\t\t\t<\/h3>\n\t\t\t\t\n\t\t\t\t\t\t\t\t\t<p class=\"elementor-icon-box-description\">\n\t\t\t\t\t\tThe active involvement in social and union movements\t\t\t\t\t<\/p>\n\t\t\t\t\n\t\t\t<\/div>\n\t\t\t\n\t\t<\/div>\n\t\t\t\t\t\t<\/div>\n\t\t\t\t<\/div>\n\t\t\t\t\t<\/div>\n\t\t<\/div>\n\t\t\t\t<div class=\"elementor-column elementor-col-25 elementor-top-column elementor-element elementor-element-bf08cf2\" data-id=\"bf08cf2\" data-element_type=\"column\">\n\t\t\t<div class=\"elementor-widget-wrap elementor-element-populated\">\n\t\t\t\t\t\t<div class=\"elementor-element elementor-element-54fd6a9 elementor-widget elementor-widget-icon-box\" data-id=\"54fd6a9\" data-element_type=\"widget\" data-widget_type=\"icon-box.default\">\n\t\t\t\t<div class=\"elementor-widget-container\">\n\t\t\t\t\t\t\t<div class=\"elementor-icon-box-wrapper\">\n\n\t\t\t\n\t\t\t\t\t\t<div class=\"elementor-icon-box-content\">\n\n\t\t\t\t\t\t\t\t\t<h3 class=\"elementor-icon-box-title\">\n\t\t\t\t\t\t<span  >\n\t\t\t\t\t\t\tIndependence and integrity \t\t\t\t\t\t<\/span>\n\t\t\t\t\t<\/h3>\n\t\t\t\t\n\t\t\t\t\t\t\t\t\t<p class=\"elementor-icon-box-description\">\n\t\t\t\t\t\tMaintaining an independent approach in analysis and action\t\t\t\t\t<\/p>\n\t\t\t\t\n\t\t\t<\/div>\n\t\t\t\n\t\t<\/div>\n\t\t\t\t\t\t<\/div>\n\t\t\t\t<\/div>\n\t\t\t\t\t<\/div>\n\t\t<\/div>\n\t\t\t\t\t<\/div>\n\t\t<\/section>\n\t\t\t\t<section class=\"elementor-section elementor-top-section elementor-element elementor-element-cd627e1 elementor-section-boxed elementor-section-height-default elementor-section-height-default wpr-particle-no wpr-jarallax-no wpr-parallax-no wpr-sticky-section-no\" data-id=\"cd627e1\" data-element_type=\"section\">\n\t\t\t\t\t\t<div class=\"elementor-container elementor-column-gap-default\">\n\t\t\t\t\t<div class=\"elementor-column elementor-col-100 elementor-top-column elementor-element elementor-element-5f97e6b\" data-id=\"5f97e6b\" data-element_type=\"column\">\n\t\t\t<div class=\"elementor-widget-wrap elementor-element-populated\">\n\t\t\t\t\t\t<div class=\"elementor-element elementor-element-0b43a13 elementor-widget elementor-widget-heading\" data-id=\"0b43a13\" data-element_type=\"widget\" data-widget_type=\"heading.default\">\n\t\t\t\t<div class=\"elementor-widget-container\">\n\t\t\t\t\t<h2 class=\"elementor-heading-title elementor-size-default\">Our field of action<\/h2>\t\t\t\t<\/div>\n\t\t\t\t<\/div>\n\t\t\t\t<div class=\"elementor-element elementor-element-b00a61c elementor-widget elementor-widget-heading\" data-id=\"b00a61c\" data-element_type=\"widget\" data-widget_type=\"heading.default\">\n\t\t\t\t<div class=\"elementor-widget-container\">\n\t\t\t\t\t<h2 class=\"elementor-heading-title elementor-size-default\">What Do We Do<\/h2>\t\t\t\t<\/div>\n\t\t\t\t<\/div>\n\t\t\t\t<div class=\"elementor-element elementor-element-f208784 elementor-widget elementor-widget-text-editor\" data-id=\"f208784\" data-element_type=\"widget\" data-widget_type=\"text-editor.default\">\n\t\t\t\t<div class=\"elementor-widget-container\">\n\t\t\t\t\t\t\t\t\t<p>IKESH is engaged in a wide range of activities that contribute to social change<\/p>\t\t\t\t\t\t\t\t<\/div>\n\t\t\t\t<\/div>\n\t\t\t\t<div class=\"elementor-element elementor-element-fed1abd wpr-list-style-none elementor-widget elementor-widget-wpr-posts-timeline\" data-id=\"fed1abd\" data-element_type=\"widget\" data-settings=\"{&quot;swiper_speed&quot;:500}\" data-widget_type=\"wpr-posts-timeline.default\">\n\t\t\t\t<div class=\"elementor-widget-container\">\n\t\t\t\t\t<div class=\"wpr-timeline-outer-container\"><div class=\"wpr-wrapper swiper wpr-horizontal-bottom\" dir=\"\" data-slidestoshow = \"3\" data-autoplay=\"\" data-loop=\"\" data-swiper-speed=\"500\" data-swiper-delay=\"0\" data-swiper-poh=\"\" data-swiper-space-between=\"5\"><div class=\"swiper-wrapper wpr-horizontal-bottom-timeline\"><div class=\"swiper-slide swiper-slide-line-top no elementor-repeater-item-9fbd2c9\"><div class=\"wpr-extra-label\" ><span class=\"wpr-label\" >Studime dhe hulumtime<\/span><\/div><div class=\"wpr-main-line-icon wpr-icon\"><svg aria-hidden=\"true\" class=\"e-font-icon-svg e-far-file-alt\" viewbox=\"0 0 384 512\" xmlns=\"http:\/\/www.w3.org\/2000\/svg\"><path d=\"M288 248v28c0 6.6-5.4 12-12 12H108c-6.6 0-12-5.4-12-12v-28c0-6.6 5.4-12 12-12h168c6.6 0 12 5.4 12 12zm-12 72H108c-6.6 0-12 5.4-12 12v28c0 6.6 5.4 12 12 12h168c6.6 0 12-5.4 12-12v-28c0-6.6-5.4-12-12-12zm108-188.1V464c0 26.5-21.5 48-48 48H48c-26.5 0-48-21.5-48-48V48C0 21.5 21.5 0 48 0h204.1C264.8 0 277 5.1 286 14.1L369.9 98c9 8.9 14.1 21.2 14.1 33.9zm-128-80V128h76.1L256 51.9zM336 464V176H232c-13.3 0-24-10.7-24-24V48H48v416h288z\"><\/path><\/svg><\/div><div class=\"wpr-story-info\"><div class=\"wpr-timeline-content-wrapper\"><div class=\"wpr-description\"><p>on economic, political, and cultural issues.<\/p><\/div><\/div><\/div><\/div><div class=\"swiper-slide swiper-slide-line-top no elementor-repeater-item-be080f4\"><div class=\"wpr-extra-label\" ><span class=\"wpr-label\" > Organizim <\/span><\/div><div class=\"wpr-main-line-icon wpr-icon\"><svg aria-hidden=\"true\" class=\"e-font-icon-svg e-far-folder-open\" viewbox=\"0 0 576 512\" xmlns=\"http:\/\/www.w3.org\/2000\/svg\"><path d=\"M527.9 224H480v-48c0-26.5-21.5-48-48-48H272l-64-64H48C21.5 64 0 85.5 0 112v288c0 26.5 21.5 48 48 48h400c16.5 0 31.9-8.5 40.7-22.6l79.9-128c20-31.9-3-73.4-40.7-73.4zM48 118c0-3.3 2.7-6 6-6h134.1l64 64H426c3.3 0 6 2.7 6 6v42H152c-16.8 0-32.4 8.8-41.1 23.2L48 351.4zm400 282H72l77.2-128H528z\"><\/path><\/svg><\/div><div class=\"wpr-story-info\"><div class=\"wpr-timeline-content-wrapper\"><div class=\"wpr-description\"><p class=\"translation-block\">In conferences, seminars, and public debates on issues of equality and human rights.<\/p><\/div><\/div><\/div><\/div><div class=\"swiper-slide swiper-slide-line-top no elementor-repeater-item-4e8cd98\"><div class=\"wpr-extra-label\" ><span class=\"wpr-label\" >Support<\/span><\/div><div class=\"wpr-main-line-icon wpr-icon\"><svg aria-hidden=\"true\" class=\"e-font-icon-svg e-far-hdd\" viewbox=\"0 0 576 512\" xmlns=\"http:\/\/www.w3.org\/2000\/svg\"><path d=\"M567.403 235.642L462.323 84.589A48 48 0 0 0 422.919 64H153.081a48 48 0 0 0-39.404 20.589L8.597 235.642A48.001 48.001 0 0 0 0 263.054V400c0 26.51 21.49 48 48 48h480c26.51 0 48-21.49 48-48V263.054c0-9.801-3-19.366-8.597-27.412zM153.081 112h269.838l77.913 112H75.168l77.913-112zM528 400H48V272h480v128zm-32-64c0 17.673-14.327 32-32 32s-32-14.327-32-32 14.327-32 32-32 32 14.327 32 32zm-96 0c0 17.673-14.327 32-32 32s-32-14.327-32-32 14.327-32 32-32 32 14.327 32 32z\"><\/path><\/svg><\/div><div class=\"wpr-story-info\"><div class=\"wpr-timeline-content-wrapper\"><div class=\"wpr-description\"><p class=\"translation-block\">For student and trade union movements, to empower marginalized groups.<\/p><\/div><\/div><\/div><\/div><div class=\"swiper-slide swiper-slide-line-top no elementor-repeater-item-355fb15\"><div class=\"wpr-extra-label\" ><span class=\"wpr-label\" >Veprim p\u00ebr \u00e7\u00ebshtje publike<\/span><\/div><div class=\"wpr-main-line-icon wpr-icon\"><svg aria-hidden=\"true\" class=\"e-font-icon-svg e-far-id-card\" viewbox=\"0 0 576 512\" xmlns=\"http:\/\/www.w3.org\/2000\/svg\"><path d=\"M528 32H48C21.5 32 0 53.5 0 80v352c0 26.5 21.5 48 48 48h480c26.5 0 48-21.5 48-48V80c0-26.5-21.5-48-48-48zm0 400H303.2c.9-4.5.8 3.6.8-22.4 0-31.8-30.1-57.6-67.2-57.6-10.8 0-18.7 8-44.8 8-26.9 0-33.4-8-44.8-8-37.1 0-67.2 25.8-67.2 57.6 0 26-.2 17.9.8 22.4H48V144h480v288zm-168-80h112c4.4 0 8-3.6 8-8v-16c0-4.4-3.6-8-8-8H360c-4.4 0-8 3.6-8 8v16c0 4.4 3.6 8 8 8zm0-64h112c4.4 0 8-3.6 8-8v-16c0-4.4-3.6-8-8-8H360c-4.4 0-8 3.6-8 8v16c0 4.4 3.6 8 8 8zm0-64h112c4.4 0 8-3.6 8-8v-16c0-4.4-3.6-8-8-8H360c-4.4 0-8 3.6-8 8v16c0 4.4 3.6 8 8 8zm-168 96c35.3 0 64-28.7 64-64s-28.7-64-64-64-64 28.7-64 64 28.7 64 64 64z\"><\/path><\/svg><\/div><div class=\"wpr-story-info\"><div class=\"wpr-timeline-content-wrapper\"><div class=\"wpr-description\"><p>duke p\u00ebrfshir\u00eb sh\u00ebndet\u00ebsin\u00eb, mjedisin dhe edukimin.<\/p><\/div><\/div><\/div><\/div><\/div>\n\t\t\t<!-- Add Pagination -->        \n\t\t\t<div class=\"wpr-swiper-pagination\"><\/div>\n\t\t\t<!-- Add Arrows -->\n\t\t\t<div class=\"wpr-button-prev wpr-timeline-prev-arrow wpr-timeline-prev-fed1abd\">\n\t\t\t\t<i class=\"fas fa-angle-left\"><\/i>\n\t\t\t<\/div>\n\t\t\t<div class=\"wpr-button-next wpr-timeline-next-arrow wpr-timeline-next-fed1abd\">\n\t\t\t\t<i class=\"fas fa-angle-left\"><\/i>\n\t\t\t<\/div>\n\t\t<\/div><\/div>\t\t\t\t<\/div>\n\t\t\t\t<\/div>\n\t\t\t\t\t<\/div>\n\t\t<\/div>\n\t\t\t\t\t<\/div>\n\t\t<\/section>\n\t\t\t\t<section class=\"elementor-section elementor-top-section elementor-element elementor-element-2fcf964 elementor-section-boxed elementor-section-height-default elementor-section-height-default wpr-particle-no wpr-jarallax-no wpr-parallax-no wpr-sticky-section-no\" data-id=\"2fcf964\" data-element_type=\"section\" data-settings=\"{&quot;background_background&quot;:&quot;classic&quot;}\">\n\t\t\t\t\t\t<div class=\"elementor-container elementor-column-gap-wide\">\n\t\t\t\t\t<div class=\"elementor-column elementor-col-50 elementor-top-column elementor-element elementor-element-40bdb30\" data-id=\"40bdb30\" data-element_type=\"column\">\n\t\t\t<div class=\"elementor-widget-wrap elementor-element-populated\">\n\t\t\t\t\t\t<div class=\"elementor-element elementor-element-07b3276 elementor-widget elementor-widget-heading\" data-id=\"07b3276\" data-element_type=\"widget\" data-widget_type=\"heading.default\">\n\t\t\t\t<div class=\"elementor-widget-container\">\n\t\t\t\t\t<h2 class=\"elementor-heading-title elementor-size-default\">Collaborations and Partnerships.<\/h2>\t\t\t\t<\/div>\n\t\t\t\t<\/div>\n\t\t\t\t<div class=\"elementor-element elementor-element-d6ac52b elementor-widget elementor-widget-heading\" data-id=\"d6ac52b\" data-element_type=\"widget\" data-widget_type=\"heading.default\">\n\t\t\t\t<div class=\"elementor-widget-container\">\n\t\t\t\t\t<h2 class=\"elementor-heading-title elementor-size-default\">Our strength is collective<\/h2>\t\t\t\t<\/div>\n\t\t\t\t<\/div>\n\t\t\t\t<div class=\"elementor-element elementor-element-cac95e7 elementor-widget elementor-widget-heading\" data-id=\"cac95e7\" data-element_type=\"widget\" data-widget_type=\"heading.default\">\n\t\t\t\t<div class=\"elementor-widget-container\">\n\t\t\t\t\t<h2 class=\"elementor-heading-title elementor-size-default\">IKESH collaborates with local and international organizations to expand its influence and promote progressive policies. Through various networks, we build capacities and create spaces for collective action.<\/h2>\t\t\t\t<\/div>\n\t\t\t\t<\/div>\n\t\t\t\t\t<\/div>\n\t\t<\/div>\n\t\t\t\t<div class=\"elementor-column elementor-col-50 elementor-top-column elementor-element elementor-element-32ea370\" data-id=\"32ea370\" data-element_type=\"column\">\n\t\t\t<div class=\"elementor-widget-wrap elementor-element-populated\">\n\t\t\t\t\t\t<div class=\"elementor-element elementor-element-5c31200 elementor-widget elementor-widget-image\" data-id=\"5c31200\" data-element_type=\"widget\" data-widget_type=\"image.default\">\n\t\t\t\t<div class=\"elementor-widget-container\">\n\t\t\t\t\t\t\t\t\t\t\t\t\t\t\t<img decoding=\"async\" width=\"960\" height=\"733\" src=\"https:\/\/ikesh.org\/wp-content\/uploads\/2025\/02\/452051714_506671635088129_8153887500732054887_n.jpg\" class=\"attachment-large size-large wp-image-1289\" alt=\"\" srcset=\"https:\/\/ikesh.org\/wp-content\/uploads\/2025\/02\/452051714_506671635088129_8153887500732054887_n.jpg 960w, https:\/\/ikesh.org\/wp-content\/uploads\/2025\/02\/452051714_506671635088129_8153887500732054887_n-300x229.jpg 300w, https:\/\/ikesh.org\/wp-content\/uploads\/2025\/02\/452051714_506671635088129_8153887500732054887_n-768x586.jpg 768w, https:\/\/ikesh.org\/wp-content\/uploads\/2025\/02\/452051714_506671635088129_8153887500732054887_n-16x12.jpg 16w\" sizes=\"(max-width: 960px) 100vw, 960px\" \/>\t\t\t\t\t\t\t\t\t\t\t\t\t\t\t<\/div>\n\t\t\t\t<\/div>\n\t\t\t\t\t<\/div>\n\t\t<\/div>\n\t\t\t\t\t<\/div>\n\t\t<\/section>\n\t\t\t\t<\/div>","protected":false},"excerpt":{"rendered":"<p>P\u00ebr nj\u00eb shoq\u00ebri m\u00eb t\u00eb drejt\u00eb dhe t\u00eb barabart\u00eb Kreu &#8211; Rreth nesh IKESH Instituti p\u00ebr Kritik\u00eb dhe Emancipim Shoq\u00ebror IKESH u themelua nga aktivist\u00eb t\u00eb s\u00eb majt\u00ebs me synimin p\u00ebr t\u00eb krijuar nj\u00eb hap\u00ebsir\u00eb kritike p\u00ebr analiz\u00ebn e fenomeneve shoq\u00ebrore dhe p\u00ebr t\u00eb nd\u00ebrtuar nj\u00eb shoq\u00ebri m\u00eb t\u00eb drejt\u00eb. N\u00ebp\u00ebrmjet studimeve, mobilizimit dhe projekteve t\u00eb ndryshme, kemi kontribuar n\u00eb debatin publik dhe veprimin kolektiv p\u00ebr ndryshime pozitive. Misioni dhe Vlerat Angazhim p\u00ebr barazi dhe drejt\u00ebsi Ne punojm\u00eb p\u00ebr t\u00eb krijuar nj\u00eb shoq\u00ebri m\u00eb t\u00eb barabart\u00eb dhe m\u00eb t\u00eb nd\u00ebrgjegjshme, duke u bazuar n\u00eb k\u00ebto vlera kryesore: Kritik\u00eb dhe analiz\u00eb Sfidimi i narrativave dominuese p\u00ebr t\u00eb ndri\u00e7uar t\u00eb v\u00ebrtetat shoq\u00ebrore. Drejt\u00ebsi sociale Promovimi i barazis\u00eb dhe t\u00eb drejtave t\u00eb njeriut p\u00ebr t\u00eb gjith\u00eb. Angazhim dhe mobilizim P\u00ebrfshirja aktive n\u00eb l\u00ebvizje shoq\u00ebrore dhe sindikale. Pavar\u00ebsi dhe integritet Ruajtja e nj\u00eb qasjeje t\u00eb pavarur n\u00eb analiz\u00eb dhe veprim. Fusha jon\u00eb e veprimit \u00c7far\u00eb B\u00ebjm\u00eb IKESH \u00ebsht\u00eb i angazhuar n\u00eb nj\u00eb gam\u00eb t\u00eb gjer\u00eb aktivitetesh q\u00eb kontribuojn\u00eb n\u00eb ndryshimin shoq\u00ebror: Studime dhe hulumtime mbi \u00e7\u00ebshtje ekonomike, politike dhe kulturore. Organizim i konferencave, seminareve dhe debateve publike mbi temat e barazis\u00eb dhe t\u00eb drejtave t\u00eb njeriut. Mb\u00ebshtetje p\u00ebr l\u00ebvizjet studentore dhe sindikaliste, p\u00ebr t\u00eb fuqizuar grupet e margjinalizuara. Veprim p\u00ebr \u00e7\u00ebshtje publike duke p\u00ebrfshir\u00eb sh\u00ebndet\u00ebsin\u00eb, mjedisin dhe edukimin. Bashk\u00ebpunimet dhe Partneritete Forca jon\u00eb \u00ebsht\u00eb kolektive IKESH bashk\u00ebpunon me organizata vendase dhe nd\u00ebrkomb\u00ebtare p\u00ebr t\u00eb zgjeruar ndikimin dhe p\u00ebr t\u00eb promovuar politika progresive. N\u00ebp\u00ebrmjet rrjeteve t\u00eb ndryshme, ne nd\u00ebrtojm\u00eb kapacitete dhe krijojm\u00eb hap\u00ebsira p\u00ebr veprim kolektiv.<\/p>","protected":false},"author":1,"featured_media":0,"parent":0,"menu_order":0,"comment_status":"closed","ping_status":"closed","template":"elementor_canvas","meta":{"footnotes":""},"class_list":["post-872","page","type-page","status-publish","hentry"],"_links":{"self":[{"href":"https:\/\/ikesh.org\/en\/wp-json\/wp\/v2\/pages\/872","targetHints":{"allow":["GET"]}}],"collection":[{"href":"https:\/\/ikesh.org\/en\/wp-json\/wp\/v2\/pages"}],"about":[{"href":"https:\/\/ikesh.org\/en\/wp-json\/wp\/v2\/types\/page"}],"author":[{"embeddable":true,"href":"https:\/\/ikesh.org\/en\/wp-json\/wp\/v2\/users\/1"}],"replies":[{"embeddable":true,"href":"https:\/\/ikesh.org\/en\/wp-json\/wp\/v2\/comments?post=872"}],"version-history":[{"count":43,"href":"https:\/\/ikesh.org\/en\/wp-json\/wp\/v2\/pages\/872\/revisions"}],"predecessor-version":[{"id":1585,"href":"https:\/\/ikesh.org\/en\/wp-json\/wp\/v2\/pages\/872\/revisions\/1585"}],"wp:attachment":[{"href":"https:\/\/ikesh.org\/en\/wp-json\/wp\/v2\/media?parent=872"}],"curies":[{"name":"wp","href":"https:\/\/api.w.org\/{rel}","templated":true}]}}